{"id":169,"date":"2024-01-12T16:08:10","date_gmt":"2024-01-12T15:08:10","guid":{"rendered":"https:\/\/vincles.org\/politica-de-cookies\/"},"modified":"2024-01-16T17:16:21","modified_gmt":"2024-01-16T16:16:21","slug":"politica-de-cookies","status":"publish","type":"page","link":"https:\/\/vincles.org\/oc\/politica-de-cookies\/","title":{"rendered":"Politica de cookies"},"content":{"rendered":"<style>.kb-row-layout-id169_b14d51-64 > .kt-row-column-wrap{align-content:start;}:where(.kb-row-layout-id169_b14d51-64 > .kt-row-column-wrap) > .wp-block-kadence-column{justify-content:start;}.kb-row-layout-id169_b14d51-64 > .kt-row-column-wrap{column-gap:var(--global-kb-gap-md, 2rem);row-gap:var(--global-kb-gap-md, 2rem);padding-top:40px;padding-bottom:0px;}.kb-row-layout-id169_b14d51-64 > .kt-row-column-wrap > div:not(.added-for-specificity){grid-column:initial;}.kb-row-layout-id169_b14d51-64 > .kt-row-column-wrap{grid-template-columns:minmax(0, 1fr) minmax(0, 3fr) minmax(0, 1fr);}.kb-row-layout-id169_b14d51-64 > .kt-row-layout-overlay{opacity:0.30;}@media all and (max-width: 1024px){.kb-row-layout-id169_b14d51-64 > .kt-row-column-wrap{column-gap:0px;grid-template-columns:minmax(0, 1fr) minmax(0, 6fr) minmax(0, 1fr);}}@media all and (max-width: 1024px){.kb-row-layout-id169_b14d51-64 > .kt-row-column-wrap > div:not(.added-for-specificity){grid-column:initial;}}@media all and (max-width: 767px){.kb-row-layout-id169_b14d51-64 > .kt-row-column-wrap > div:not(.added-for-specificity){grid-column:initial;}.kb-row-layout-id169_b14d51-64 > .kt-row-column-wrap{grid-template-columns:minmax(0, 1fr);}}<\/style><div class=\"kb-row-layout-wrap kb-row-layout-id169_b14d51-64 alignwide wp-block-kadence-rowlayout\"><div class=\"kt-row-column-wrap kt-has-3-columns kt-row-layout-center-wide kt-tab-layout-center-exwide kt-mobile-layout-row kt-row-valign-top\">\n<style>.kadence-column169_4dda12-34 > .kt-inside-inner-col,.kadence-column169_4dda12-34 > .kt-inside-inner-col:before{border-top-left-radius:0px;border-top-right-radius:0px;border-bottom-right-radius:0px;border-bottom-left-radius:0px;}.kadence-column169_4dda12-34 > .kt-inside-inner-col{column-gap:var(--global-kb-gap-sm, 1rem);}.kadence-column169_4dda12-34 > .kt-inside-inner-col{flex-direction:column;}.kadence-column169_4dda12-34 > .kt-inside-inner-col > .aligncenter{width:100%;}.kadence-column169_4dda12-34 > .kt-inside-inner-col:before{opacity:0.3;}.kadence-column169_4dda12-34{position:relative;}@media all and (max-width: 1024px){.kadence-column169_4dda12-34 > .kt-inside-inner-col{flex-direction:column;justify-content:center;}}@media all and (max-width: 767px){.kadence-column169_4dda12-34 > .kt-inside-inner-col{flex-direction:column;justify-content:center;}}<\/style>\n<div class=\"wp-block-kadence-column kadence-column169_4dda12-34\"><div class=\"kt-inside-inner-col\"><\/div><\/div>\n\n\n<style>.kadence-column169_1d45e2-eb > .kt-inside-inner-col,.kadence-column169_1d45e2-eb > .kt-inside-inner-col:before{border-top-left-radius:0px;border-top-right-radius:0px;border-bottom-right-radius:0px;border-bottom-left-radius:0px;}.kadence-column169_1d45e2-eb > .kt-inside-inner-col{column-gap:var(--global-kb-gap-sm, 1rem);}.kadence-column169_1d45e2-eb > .kt-inside-inner-col{flex-direction:column;}.kadence-column169_1d45e2-eb > .kt-inside-inner-col > .aligncenter{width:100%;}.kadence-column169_1d45e2-eb > .kt-inside-inner-col:before{opacity:0.3;}.kadence-column169_1d45e2-eb{position:relative;}@media all and (max-width: 1024px){.kadence-column169_1d45e2-eb > .kt-inside-inner-col{flex-direction:column;justify-content:center;}}@media all and (max-width: 767px){.kadence-column169_1d45e2-eb > .kt-inside-inner-col{flex-direction:column;justify-content:center;}}<\/style>\n<div class=\"wp-block-kadence-column kadence-column169_1d45e2-eb\"><div class=\"kt-inside-inner-col\"><style>.wp-block-kadence-advancedheading.kt-adv-heading169_31eda4-d0, .wp-block-kadence-advancedheading.kt-adv-heading169_31eda4-d0[data-kb-block=\"kb-adv-heading169_31eda4-d0\"]{font-style:normal;}.wp-block-kadence-advancedheading.kt-adv-heading169_31eda4-d0 mark.kt-highlight, .wp-block-kadence-advancedheading.kt-adv-heading169_31eda4-d0[data-kb-block=\"kb-adv-heading169_31eda4-d0\"] mark.kt-highlight{font-style:normal;color:#f76a0c;-webkit-box-decoration-break:clone;box-decoration-break:clone;padding-top:0px;padding-right:0px;padding-bottom:0px;padding-left:0px;}.wp-block-kadence-advancedheading.kt-adv-heading169_31eda4-d0 img.kb-inline-image, .wp-block-kadence-advancedheading.kt-adv-heading169_31eda4-d0[data-kb-block=\"kb-adv-heading169_31eda4-d0\"] img.kb-inline-image{width:150px;vertical-align:baseline;}<\/style>\n<h1 class=\"kt-adv-heading169_31eda4-d0 wp-block-kadence-advancedheading\" data-kb-block=\"kb-adv-heading169_31eda4-d0\">Politica de cookies<\/h1>\n\n\n\n<h2>Qu\u00e8 s\u00f3n les galetes?<\/h2>\n<div><p>Aquesta Pol\u00edtica de galetes explica qu\u00e8 s\u00f3n les galetes i com les fem servir, els tipus de galetes que fem servir, \u00e9s a dir, la informaci\u00f3 que recopilem mitjan\u00e7ant les galetes i com s&#8217;utilitza aquesta informaci\u00f3 i com gestionar la configuraci\u00f3 de les galetes.<\/p> <p>Les galetes s\u00f3n petits fitxers de text que s&#8217;utilitzen per emmagatzemar petites peces d&#8217;informaci\u00f3. S&#8217;emmagatzemen al vostre dispositiu quan el lloc web es carrega al vostre navegador. Aquestes cookies ens ajuden a fer que el lloc web funcioni correctament, a fer-lo m\u00e9s segur, a oferir una millor experi\u00e8ncia d&#8217;usuari i a entendre com funciona el lloc web i a analitzar qu\u00e8 funciona i on cal millorar.<\/p><\/div>\n\n<h2>Com fem servir les cookies?<\/h2>\n\n<div><p>Com la majoria dels serveis en l\u00ednia, el nostre lloc web utilitza cookies pr\u00f2pies i de tercers per a diversos prop\u00f2sits. Les galetes pr\u00f2pies s\u00f3n b\u00e0sicament necess\u00e0ries perqu\u00e8 el lloc web funcioni correctament i no recullen cap de les vostres dades d&#8217;identificaci\u00f3 personal.<\/p> <p>Les galetes de tercers que s&#8217;utilitzen al nostre lloc web s\u00f3n principalment per entendre com funciona el lloc web, com interactueu amb el nostre lloc web, mantenir els nostres serveis segurs, proporcionar anuncis que us siguin rellevants i, tot plegat, oferir-vos un usuari millor i millorat. experi\u00e8ncia i ajudeu a accelerar les vostres futures interaccions amb el nostre lloc web.<\/p><\/div>\n\n<h2>Tipus de cookies que fem servir<\/h2>\n\n<div class=\"cky-audit-table-element\"><\/div>\n\n<h2>Gestiona les prefer\u00e8ncies de galetes<\/h2>\n\n<a class=\"cky-banner-element\">Configuraci\u00f3 de galetes<\/a> <br\/>\n\n<div><p>Podeu canviar les vostres prefer\u00e8ncies de galetes en qualsevol moment fent clic al bot\u00f3 anterior. Aix\u00f2 us permetr\u00e0 revisar el b\u00e0ner de consentiment de les galetes i canviar les vostres prefer\u00e8ncies o retirar el vostre consentiment immediatament. <\/p> <p>A m\u00e9s d&#8217;aix\u00f2, diferents navegadors ofereixen diferents m\u00e8todes per bloquejar i eliminar les cookies utilitzades pels llocs web. Podeu canviar la configuraci\u00f3 del vostre navegador per bloquejar\/eliminar les cookies. A continuaci\u00f3 es mostren els enlla\u00e7os als documents de suport sobre com gestionar i eliminar les galetes dels principals navegadors web.<\/p> <p>Chrome: <a href=\"https:\/\/support.google.com\/accounts\/answer\/32050\" target=\"_blank\" rel=\"noopener\">https:\/\/support.google.com\/accounts\/answer\/32050<\/a><\/p><p>Safari: <a href=\"https:\/\/support.apple.com\/en-in\/guide\/safari\/sfri11471\/mac\" target=\"_blank\" rel=\"noopener\">https:\/\/support.apple.com\/en-in\/guide\/safari\/sfri11471\/mac<\/a><\/p><p>Firefox: <a href=\"https:\/\/support.mozilla.org\/en-US\/kb\/clear-cookies-and-site-data-firefox?redirectslug=delete-cookies-remove-info-websites-stored&#038;redirectlocale=en-US\" target=\"_blank\" rel=\"noopener\">https:\/\/support.mozilla.org\/en-US\/kb\/clear-cookies-and-site-data-firefox?redirectslug=delete-cookies-remove-info-websites-stored&#038;redirectlocale=en-US<\/a><\/p><p>Internet Explorer: <a href=\"https:\/\/support.microsoft.com\/en-us\/topic\/how-to-delete-cookie-files-in-internet-explorer-bca9446f-d873-78de-77ba-d42645fa52fc\" target=\"_blank\" rel=\"noopener\">https:\/\/support.microsoft.com\/en-us\/topic\/how-to-delete-cookie-files-in-internet-explorer-bca9446f-d873-78de-77ba-d42645fa52fc<\/a><\/p><p>Si utilitzeu un altre navegador web, visiteu els documents de suport oficials del vostre navegador.<\/p><\/div>\n<\/div><\/div>\n\n\n<style>.kadence-column169_18b2fe-52 > .kt-inside-inner-col,.kadence-column169_18b2fe-52 > .kt-inside-inner-col:before{border-top-left-radius:0px;border-top-right-radius:0px;border-bottom-right-radius:0px;border-bottom-left-radius:0px;}.kadence-column169_18b2fe-52 > .kt-inside-inner-col{column-gap:var(--global-kb-gap-sm, 1rem);}.kadence-column169_18b2fe-52 > .kt-inside-inner-col{flex-direction:column;}.kadence-column169_18b2fe-52 > .kt-inside-inner-col > .aligncenter{width:100%;}.kadence-column169_18b2fe-52 > .kt-inside-inner-col:before{opacity:0.3;}.kadence-column169_18b2fe-52{position:relative;}@media all and (max-width: 1024px){.kadence-column169_18b2fe-52 > .kt-inside-inner-col{flex-direction:column;justify-content:center;}}@media all and (max-width: 767px){.kadence-column169_18b2fe-52 > .kt-inside-inner-col{flex-direction:column;justify-content:center;}}<\/style>\n<div class=\"wp-block-kadence-column kadence-column169_18b2fe-52\"><div class=\"kt-inside-inner-col\"><\/div><\/div>\n\n<\/div><\/div>","protected":false},"excerpt":{"rendered":"<p>Politica de cookies Qu\u00e8 s\u00f3n les galetes? Aquesta Pol\u00edtica de galetes explica qu\u00e8 s\u00f3n les galetes i com les fem servir, els tipus de galetes que fem servir, \u00e9s a dir, la informaci\u00f3 que recopilem mitjan\u00e7ant les galetes i com s&#8217;utilitza aquesta informaci\u00f3 i com gestionar la configuraci\u00f3 de les galetes. Les galetes s\u00f3n petits &hellip;<\/p>\n","protected":false},"author":1,"featured_media":0,"parent":0,"menu_order":0,"comment_status":"closed","ping_status":"closed","template":"templates\/template-builder.php","meta":{"_editorskit_title_hidden":false,"_editorskit_reading_time":0,"_editorskit_is_block_options_detached":false,"_editorskit_block_options_position":"{}","inline_featured_image":false,"footnotes":""},"class_list":["post-169","page","type-page","status-publish","hentry","post","without-featured-image"],"featured_image_src":null,"featured_image_src_square":null,"_links":{"self":[{"href":"https:\/\/vincles.org\/oc\/wp-json\/wp\/v2\/pages\/169","targetHints":{"allow":["GET"]}}],"collection":[{"href":"https:\/\/vincles.org\/oc\/wp-json\/wp\/v2\/pages"}],"about":[{"href":"https:\/\/vincles.org\/oc\/wp-json\/wp\/v2\/types\/page"}],"author":[{"embeddable":true,"href":"https:\/\/vincles.org\/oc\/wp-json\/wp\/v2\/users\/1"}],"replies":[{"embeddable":true,"href":"https:\/\/vincles.org\/oc\/wp-json\/wp\/v2\/comments?post=169"}],"version-history":[{"count":3,"href":"https:\/\/vincles.org\/oc\/wp-json\/wp\/v2\/pages\/169\/revisions"}],"predecessor-version":[{"id":199,"href":"https:\/\/vincles.org\/oc\/wp-json\/wp\/v2\/pages\/169\/revisions\/199"}],"wp:attachment":[{"href":"https:\/\/vincles.org\/oc\/wp-json\/wp\/v2\/media?parent=169"}],"curies":[{"name":"wp","href":"https:\/\/api.w.org\/{rel}","templated":true}]}}